{"id":869,"date":"2021-08-21T07:28:15","date_gmt":"2021-08-21T07:28:15","guid":{"rendered":"http:\/\/xn--cdu-zhringen-kcb.de\/?page_id=869"},"modified":"2021-09-06T07:51:35","modified_gmt":"2021-09-06T07:51:35","slug":"bundestagswahl-2021","status":"publish","type":"page","link":"http:\/\/xn--cdu-zhringen-kcb.de\/?page_id=869","title":{"rendered":"Bundestagswahl 2021"},"content":{"rendered":"<p>[et_pb_section fb_built=&#8220;1&#8243; _builder_version=&#8220;3.22&#8243;][et_pb_row _builder_version=&#8220;4.5.5&#8243; _module_preset=&#8220;default&#8220;][et_pb_column type=&#8220;4_4&#8243; _builder_version=&#8220;4.5.5&#8243; _module_preset=&#8220;default&#8220;][et_pb_image src=&#8220;http:\/\/xn--cdu-zhringen-kcb.de\/wp-content\/uploads\/2021\/09\/IMG_7167.jpg&#8220; title_text=&#8220;IMG_7167&#8243; _builder_version=&#8220;4.5.5&#8243; _module_preset=&#8220;default&#8220;][\/et_pb_image][\/et_pb_column][\/et_pb_row][et_pb_row _builder_version=&#8220;4.5.5&#8243; _module_preset=&#8220;default&#8220;][et_pb_column type=&#8220;4_4&#8243; _builder_version=&#8220;4.5.5&#8243; _module_preset=&#8220;default&#8220;][et_pb_text _builder_version=&#8220;4.5.5&#8243; _module_preset=&#8220;default&#8220;]<\/p>\n<p style=\"text-align: center;\"><strong>Veranstaltung zur Bundestagwahl am 26. September 2021:<\/strong><\/p>\n<p style=\"text-align: center;\"><strong>\u201eKlimapolitische Verantwortung f\u00fcr Deutschlands Zukunft\u201c<\/strong><\/p>\n<p style=\"text-align: center;\"><strong>\u00a0<\/strong><\/p>\n<p style=\"text-align: center;\">Dieser Event wurde vom Ortsverband der CDU Z\u00e4hringen und dem Ortsverband der CDU Herdern mit Andreas Jung (MdB) und Matern von Marschall (MdB) im B\u00fcrgerhaus Z\u00e4hringen am 01.September 2021 organisiert.<\/p>\n<p style=\"text-align: center;\">Bei dieser Veranstaltung waren zahlreiche G\u00e4ste in Pr\u00e4senz unter den aktuellen Corona schutz Richtlinien im Saal anwesend.<\/p>\n<p style=\"text-align: center;\">Zu Beginn gab es eine \u201eWeltpremiere\u201c, denn es wurde der aktuelle Wahlwerbespot von Matern von Marschall gezeigt.<\/p>\n<p style=\"text-align: center;\">Im Anschluss er\u00f6ffnete der Kreisvorsitzende der CDU Freiburg,\u00a0 Bernhard Rotzinger die Veranstaltung und begr\u00fc\u00dfte auch die anwesenden Ehreng\u00e4ste:<\/p>\n<p style=\"text-align: center;\">Stefan Breiter ( Finanzb\u00fcrgermeister Freiburg)<\/p>\n<p style=\"text-align: center;\">Norbert Nothhelfer (Regierungspr\u00e4sident a.d. , Freiburg)<\/p>\n<p style=\"text-align: center;\">Dr. Klaus Thomas Sch\u00fcle (Stadtratsfraktion Freiburg)<\/p>\n<p style=\"text-align: center;\">Bernhard Rotzinger zeigte sich aufgrund der positiven Reaktionen der Bev\u00f6lkerung am Wahlstand optimistisch, da\u00df Herr von Marschall das Direktmandat wieder erfolgreich verteidigt.<\/p>\n<p style=\"text-align: center;\">Im Anschluss verwies Matern von Marschall auf seine langj\u00e4hrige Erfahrung als Bundestagsabgeordneter und auf seine Verbundenheit zu Region und den europ\u00e4ischen Nachbarn.<\/p>\n<p style=\"text-align: center;\">Er betonte ausdr\u00fccklich, dass die Wahl aufgrund der Unentschlossenheit der W\u00e4hler aktuell noch offen ist.<\/p>\n<p style=\"text-align: center;\">Besonders die Gr\u00fcnen w\u00fcrden es immer wieder schaffen, die eigenen Mitglieder , aber auch unentschlossene W\u00e4hler zu mobilisieren. \u00a0Dies gilt es mit Engagement zu verhindern und \u00dcberzeugungsarbeit zu leisten.<\/p>\n<p style=\"text-align: center;\">F\u00fcr ihn ist u.a. der \u201eWasserstoff\u201c ein wichtiges Thema bei den erneuerbaren Energien. Als besonderen Erfolg seiner Arbeit nannte er die Errichtung des \u201eWasserstoff Zentrums S\u00fcdlicher Oberrhein\u201c.<\/p>\n<p style=\"text-align: center;\">\u00a0Andreas Jung der in Freiburg geboren wurde und nun u.a. stellvertretender Vorsitzender der CDU\/CSU Fraktion ist, wurde am 30. August 2021 von Armin Laschet in das Kompetenz Team f\u00fcr das Thema \u201eKlimaschutz\u201c berufen.<\/p>\n<p style=\"text-align: center;\">Gemeinsam mit\u00a0 Thomas Heilmann (MdB) und Wiebke Winter wurde das Konzeptpapier <strong>\u201eEin Turbo f\u00fcr die Erneuerbaren\u201c<\/strong> erarbeitet, welches 15 Punkte zum Thema Klimaschutz enth\u00e4lt, die als weitere Kernthemen der CDU Deutschland f\u00fcr den Wahlkampf in den n\u00e4chsten vier Wochen dienen.<\/p>\n<p style=\"text-align: center;\">In seiner Laudatio betonte er, u.a. dass es besonders wichtig ist, verst\u00e4rkt in Zukunftstechnik zu investieren um ein nachhaltiges Wachstum zu f\u00f6rdern.<\/p>\n<p style=\"text-align: center;\">Insbesondere Freiburg profitiert dabei von den Programmen der Bundesregierung.<\/p>\n<p style=\"text-align: center;\">Dabei muss der Fokus auf die erneuerbaren Energien (z.b. gr\u00fcner Wasserstoff) liegen.<\/p>\n<p style=\"text-align: center;\">F\u00fcr die Automobilbranche sieht er die Elektromobilit\u00e4t als das erste zuk\u00fcnftige Gesch\u00e4ftsmodell.<\/p>\n<p style=\"text-align: center;\">Die neuen Innovationen m\u00fcssen aber schneller und unb\u00fcrokratischer verwirklicht werden und der Bev\u00f6lkerung gut und plausibel vermittelt werden, damit diese auch akzeptiert werden.<\/p>\n<p style=\"text-align: center;\">Bei der anschlie\u00dfenden Diskussion, die von Carolin Jenkner moderiert wurde, \u00a0meldeten sich zahlreiche anwesende G\u00e4ste zu Wort um Fragen zu stellen.<\/p>\n<p style=\"text-align: center;\"><strong>Besondere Themen waren dabei beispielsweise:<\/strong><\/p>\n<p style=\"text-align: center;\">Klimaneutraler Verkehr<\/p>\n<p style=\"text-align: center;\">Soziale Akzeptanz der Energiewende<\/p>\n<p style=\"text-align: center;\">Den Naturschutz bei Wasserkraft ber\u00fccksichtigen<\/p>\n<p style=\"text-align: center;\">Unkomplizierte Energiespeicher<\/p>\n<p style=\"text-align: center;\">Die Veranstaltung endete gegen 21.30 Uhr.<\/p>\n<p style=\"text-align: center;\">Als Partei mit dem \u201eC\u201c im Namen haben wir es nun selbst in der Hand, die Verteidigung der Sch\u00f6pfung als weiteren \u201eMarkenkern\u201c im Wahlprogramm zu verankern und dieses Thema glaubhaft und mit guten Argumenten der Bev\u00f6lkerung zu vermitteln, um bei den anstehenden Wahlen erfolgreich zu sein.<\/p>\n<p style=\"text-align: center;\">Inhalt:<\/p>\n<p style=\"text-align: center;\">Andreas Schoch<\/p>\n<p style=\"text-align: center;\">Stellv. Ortsvorsitzender<\/p>\n<p>[\/et_pb_text][\/et_pb_column][\/et_pb_row][et_pb_row column_structure=&#8220;1_3,1_3,1_3&#8243; _builder_version=&#8220;4.5.5&#8243; _module_preset=&#8220;default&#8220;][et_pb_column type=&#8220;1_3&#8243; _builder_version=&#8220;4.5.5&#8243; _module_preset=&#8220;default&#8220;][et_pb_image src=&#8220;http:\/\/xn--cdu-zhringen-kcb.de\/wp-content\/uploads\/2021\/09\/IMG_7164.jpg&#8220; title_text=&#8220;IMG_7164&#8243; _builder_version=&#8220;4.5.5&#8243; _module_preset=&#8220;default&#8220;][\/et_pb_image][\/et_pb_column][et_pb_column type=&#8220;1_3&#8243; _builder_version=&#8220;4.5.5&#8243; _module_preset=&#8220;default&#8220;][et_pb_image src=&#8220;http:\/\/xn--cdu-zhringen-kcb.de\/wp-content\/uploads\/2021\/09\/IMG_7163.jpg&#8220; title_text=&#8220;IMG_7163&#8243; _builder_version=&#8220;4.5.5&#8243; _module_preset=&#8220;default&#8220;][\/et_pb_image][\/et_pb_column][et_pb_column type=&#8220;1_3&#8243; _builder_version=&#8220;4.5.5&#8243; _module_preset=&#8220;default&#8220;][et_pb_image src=&#8220;http:\/\/xn--cdu-zhringen-kcb.de\/wp-content\/uploads\/2021\/09\/IMG_7162.jpg&#8220; title_text=&#8220;IMG_7162&#8243; _builder_version=&#8220;4.5.5&#8243; _module_preset=&#8220;default&#8220;][\/et_pb_image][\/et_pb_column][\/et_pb_row][et_pb_row column_structure=&#8220;1_2,1_2&#8243; _builder_version=&#8220;4.5.5&#8243; _module_preset=&#8220;default&#8220;][et_pb_column type=&#8220;1_2&#8243; _builder_version=&#8220;4.5.5&#8243; _module_preset=&#8220;default&#8220;][et_pb_text _builder_version=&#8220;4.5.5&#8243; _module_preset=&#8220;default&#8220;]<\/p>\n<p style=\"text-align: center;\">Andreas Jung MbB<\/p>\n<p style=\"text-align: center;\">Vorsitzender<\/p>\n<p style=\"text-align: center;\">der CDU Landesgruppe Baden W\u00fcrttemberg<\/p>\n<p>[\/et_pb_text][et_pb_image src=&#8220;http:\/\/xn--cdu-zhringen-kcb.de\/wp-content\/uploads\/2021\/08\/ci_156628.jpg&#8220; title_text=&#8220;ci_156628&#8243; align=&#8220;center&#8220; _builder_version=&#8220;4.5.5&#8243; _module_preset=&#8220;default&#8220; module_alignment=&#8220;center&#8220; height=&#8220;400px&#8220; max_height=&#8220;1000px&#8220;][\/et_pb_image][et_pb_text _builder_version=&#8220;4.5.5&#8243; _module_preset=&#8220;default&#8220;]<\/p>\n<p>(C) Foto: Otto Kasper<\/p>\n<p>[\/et_pb_text][\/et_pb_column][et_pb_column type=&#8220;1_2&#8243; _builder_version=&#8220;4.5.5&#8243; _module_preset=&#8220;default&#8220;][et_pb_text _builder_version=&#8220;4.5.5&#8243; _module_preset=&#8220;default&#8220;]<\/p>\n<p style=\"text-align: center;\"><strong>Matern von Marschall<\/strong><\/p>\n<p style=\"text-align: center;\">Bundestagsabgeordneter<\/p>\n<p style=\"text-align: center;\">und Direktkandidat f\u00fcr den Wahlkreis Freiburg<\/p>\n<p>[\/et_pb_text][et_pb_image src=&#8220;http:\/\/xn--cdu-zhringen-kcb.de\/wp-content\/uploads\/2020\/11\/pressefoto-matern-von-marschall-01-925&#215;1024-1.jpg&#8220; title_text=&#8220;pressefoto-matern-von-marschall-01-925&#215;1024-1&#8243; _builder_version=&#8220;4.5.5&#8243; _module_preset=&#8220;default&#8220; height=&#8220;400px&#8220;][\/et_pb_image][\/et_pb_column][\/et_pb_row][\/et_pb_section][et_pb_section fb_built=&#8220;1&#8243; _builder_version=&#8220;4.5.5&#8243; _module_preset=&#8220;default&#8220;][et_pb_row _builder_version=&#8220;4.5.5&#8243; _module_preset=&#8220;default&#8220;][et_pb_column type=&#8220;4_4&#8243; _builder_version=&#8220;4.5.5&#8243; _module_preset=&#8220;default&#8220;][et_pb_divider color=&#8220;#000000&#8243; divider_weight=&#8220;2px&#8220; _builder_version=&#8220;4.5.5&#8243; _module_preset=&#8220;default&#8220;][\/et_pb_divider][\/et_pb_column][\/et_pb_row][et_pb_row _builder_version=&#8220;4.5.5&#8243; _module_preset=&#8220;default&#8220;][et_pb_column type=&#8220;4_4&#8243; _builder_version=&#8220;4.5.5&#8243; _module_preset=&#8220;default&#8220;][et_pb_text _builder_version=&#8220;4.5.5&#8243; _module_preset=&#8220;default&#8220;]<\/p>\n<h1 style=\"text-align: center;\"><strong>Weitere Termine mit Matern von Marschall:<\/strong><\/h1>\n<p>[\/et_pb_text][\/et_pb_column][\/et_pb_row][\/et_pb_section][et_pb_section fb_built=&#8220;1&#8243; _builder_version=&#8220;4.5.5&#8243; _module_preset=&#8220;default&#8220;][et_pb_row column_structure=&#8220;1_2,1_2&#8243; _builder_version=&#8220;4.5.5&#8243; _module_preset=&#8220;default&#8220;][et_pb_column type=&#8220;1_2&#8243; _builder_version=&#8220;4.5.5&#8243; _module_preset=&#8220;default&#8220;][et_pb_text _builder_version=&#8220;4.5.5&#8243; _module_preset=&#8220;default&#8220; border_width_right=&#8220;1px&#8220;]<\/p>\n<p style=\"text-align: center;\"><strong>Aussenpolitische Verantwortung f\u00fcr Deutschlands Zukunft<\/strong><\/p>\n<p style=\"text-align: center;\"><strong>Mit: <\/strong><\/p>\n<p style=\"text-align: center;\">Dr. Norbert R\u00f6ttgen MDB<\/p>\n<p style=\"text-align: center;\">Vorsitzender des Deutschen Bundestages<\/p>\n<p style=\"text-align: center;\">Veranstaltet von :<\/p>\n<p style=\"text-align: center;\">CDU Gemeindeverband Hexental<\/p>\n<p style=\"text-align: center;\"><strong>Am:<\/strong><\/p>\n<p style=\"text-align: center;\">Mittwoch, den 08. September 2021<\/p>\n<p style=\"text-align: center;\"><strong>Uhrzeit:<\/strong><\/p>\n<p style=\"text-align: center;\">19.30 &#8211; 22-00 Uhr<\/p>\n<p style=\"text-align: center;\"><strong>Ort:<\/strong><\/p>\n<p style=\"text-align: center;\">Forum Merzhausen,<\/p>\n<p style=\"text-align: center;\">Am Marktplatz 4, Merzhausen<\/p>\n<p>[\/et_pb_text][\/et_pb_column][et_pb_column type=&#8220;1_2&#8243; _builder_version=&#8220;4.5.5&#8243; _module_preset=&#8220;default&#8220;][et_pb_text _builder_version=&#8220;4.5.5&#8243; _module_preset=&#8220;default&#8220;]<\/p>\n<p style=\"text-align: center;\"><strong>Unsere Landwirte im globalen Wettbewerb st\u00e4rken<\/strong><\/p>\n<p style=\"text-align: center;\"><strong>Mit:\u00a0<\/strong><\/p>\n<p style=\"text-align: center;\">Norbert Lins MdEP<\/p>\n<p style=\"text-align: center;\">Vorsitzender des Landwirtschaftsausschusses im Europ\u00e4ischen Parlament<\/p>\n<p style=\"text-align: center;\"><strong>Am:\u00a0<\/strong><\/p>\n<p style=\"text-align: center;\">Mittwoch, den 15. September 2021<\/p>\n<p style=\"text-align: center;\"><strong>Zeit:<\/strong><\/p>\n<p style=\"text-align: center;\">19.00 &#8211; 21.00 Uhr<\/p>\n<p style=\"text-align: center;\">Der Ort wird zeitnah per E-Mail und in den sozialen Medien bekannt gegeben.<\/p>\n<p>[\/et_pb_text][\/et_pb_column][\/et_pb_row][\/et_pb_section]<\/p>\n","protected":false},"excerpt":{"rendered":"<p>[et_pb_section fb_built=&#8220;1&#8243; _builder_version=&#8220;3.22&#8243;][et_pb_row _builder_version=&#8220;4.5.5&#8243; _module_preset=&#8220;default&#8220;][et_pb_column type=&#8220;4_4&#8243; _builder_version=&#8220;4.5.5&#8243; _module_preset=&#8220;default&#8220;][et_pb_image src=&#8220;http:\/\/xn--cdu-zhringen-kcb.de\/wp-content\/uploads\/2021\/09\/IMG_7167.jpg&#8220; title_text=&#8220;IMG_7167&#8243; _builder_version=&#8220;4.5.5&#8243; _module_preset=&#8220;default&#8220;][\/et_pb_image][\/et_pb_column][\/et_pb_row][et_pb_row _builder_version=&#8220;4.5.5&#8243; _module_preset=&#8220;default&#8220;][et_pb_column type=&#8220;4_4&#8243; _builder_version=&#8220;4.5.5&#8243; _module_preset=&#8220;default&#8220;][et_pb_text _builder_version=&#8220;4.5.5&#8243; _module_preset=&#8220;default&#8220;] Veranstaltung zur Bundestagwahl am 26. September 2021: \u201eKlimapolitische Verantwortung f\u00fcr Deutschlands Zukunft\u201c \u00a0 Dieser Event wurde vom Ortsverband der CDU Z\u00e4hringen und dem Ortsverband der CDU Herdern mit Andreas Jung (MdB) und Matern von Marschall (MdB) &hellip; <a href=\"http:\/\/xn--cdu-zhringen-kcb.de\/?page_id=869\" class=\"more-link\">Continue reading<span class=\"screen-reader-text\"> &#8222;Bundestagswahl 2021&#8220;<\/span><\/a><\/p>\n","protected":false},"author":1,"featured_media":0,"parent":0,"menu_order":0,"comment_status":"closed","ping_status":"closed","template":"","meta":{"_et_pb_use_builder":"on","_et_pb_old_content":"","_et_gb_content_width":"","_monsterinsights_skip_tracking":false,"_monsterinsights_sitenote_active":false,"_monsterinsights_sitenote_note":"","_monsterinsights_sitenote_category":0,"footnotes":""},"class_list":["post-869","page","type-page","status-publish","hentry"],"_links":{"self":[{"href":"http:\/\/xn--cdu-zhringen-kcb.de\/index.php?rest_route=\/wp\/v2\/pages\/869","targetHints":{"allow":["GET"]}}],"collection":[{"href":"http:\/\/xn--cdu-zhringen-kcb.de\/index.php?rest_route=\/wp\/v2\/pages"}],"about":[{"href":"http:\/\/xn--cdu-zhringen-kcb.de\/index.php?rest_route=\/wp\/v2\/types\/page"}],"author":[{"embeddable":true,"href":"http:\/\/xn--cdu-zhringen-kcb.de\/index.php?rest_route=\/wp\/v2\/users\/1"}],"replies":[{"embeddable":true,"href":"http:\/\/xn--cdu-zhringen-kcb.de\/index.php?rest_route=%2Fwp%2Fv2%2Fcomments&post=869"}],"version-history":[{"count":18,"href":"http:\/\/xn--cdu-zhringen-kcb.de\/index.php?rest_route=\/wp\/v2\/pages\/869\/revisions"}],"predecessor-version":[{"id":977,"href":"http:\/\/xn--cdu-zhringen-kcb.de\/index.php?rest_route=\/wp\/v2\/pages\/869\/revisions\/977"}],"wp:attachment":[{"href":"http:\/\/xn--cdu-zhringen-kcb.de\/index.php?rest_route=%2Fwp%2Fv2%2Fmedia&parent=869"}],"curies":[{"name":"wp","href":"https:\/\/api.w.org\/{rel}","templated":true}]}}